{"id":12015,"date":"2025-07-21T14:40:33","date_gmt":"2025-07-21T14:40:33","guid":{"rendered":"https:\/\/khg.squareone.digital\/product\/easyroll\/"},"modified":"2025-07-21T14:50:02","modified_gmt":"2025-07-21T14:50:02","slug":"easyroll","status":"publish","type":"product","link":"https:\/\/kennedy-hygiene.com\/de\/produkt\/easyroll\/","title":{"rendered":"Easyroll"},"content":{"rendered":"<p>Easyroll  ist ein Papierhandtuchspender mit zentraler Entnahme f\u00fcr Waschraum, K\u00fcche und Gastgewerbe. Die Einheit eignet sich f\u00fcr alle Papierrollen mit Durchmessern bis 210 mm und einer Breite von 230 mm f\u00fcr die zentrale Entnahme. Easyroll  hat einen patentierten anpassbaren Spannungsring, damit Papier unterschiedlicher St\u00e4rken f\u00fcr eine benutzerfreundliche Entnahme korrekt gespannt wird.<\/p>\n<p>Die transparente Abdeckhaube von Easyroll  erm\u00f6glicht eine problemlose F\u00fcllstandskontrolle. Sie ist wasser- und staubdicht, um die Papierhandt\u00fccher sauber und trocken zu halten. Die Einheit kann mit dem Kennedy-Standardschl\u00fcssel gesichert oder in der schl\u00fcssellosen Ausf\u00fchrung mit einer \u00d6ffnungstaste ausgestattet werden.<\/p>\n","protected":false},"excerpt":{"rendered":"<p>Innenabrollungsspender<\/p>\n","protected":false},"featured_media":0,"comment_status":"closed","ping_status":"closed","template":"","meta":{"_acf_changed":false},"product_brand":[],"product_cat":[225,231],"product_tag":[],"class_list":{"0":"post-12015","1":"product","2":"type-product","3":"status-publish","5":"product_cat-haendetrocknen","6":"product_cat-papierhandtuchspender","7":"pa_finish-white-de","9":"first","10":"instock","11":"product-type-variable","12":"has-default-attributes"},"acf":[],"_links":{"self":[{"href":"https:\/\/kennedy-hygiene.com\/de\/wp-json\/wp\/v2\/product\/12015","targetHints":{"allow":["GET"]}}],"collection":[{"href":"https:\/\/kennedy-hygiene.com\/de\/wp-json\/wp\/v2\/product"}],"about":[{"href":"https:\/\/kennedy-hygiene.com\/de\/wp-json\/wp\/v2\/types\/product"}],"replies":[{"embeddable":true,"href":"https:\/\/kennedy-hygiene.com\/de\/wp-json\/wp\/v2\/comments?post=12015"}],"wp:attachment":[{"href":"https:\/\/kennedy-hygiene.com\/de\/wp-json\/wp\/v2\/media?parent=12015"}],"wp:term":[{"taxonomy":"product_brand","embeddable":true,"href":"https:\/\/kennedy-hygiene.com\/de\/wp-json\/wp\/v2\/product_brand?post=12015"},{"taxonomy":"product_cat","embeddable":true,"href":"https:\/\/kennedy-hygiene.com\/de\/wp-json\/wp\/v2\/product_cat?post=12015"},{"taxonomy":"product_tag","embeddable":true,"href":"https:\/\/kennedy-hygiene.com\/de\/wp-json\/wp\/v2\/product_tag?post=12015"}],"curies":[{"name":"wp","href":"https:\/\/api.w.org\/{rel}","templated":true}]}}