{"id":12007,"date":"2025-07-21T14:40:15","date_gmt":"2025-07-21T14:40:15","guid":{"rendered":"https:\/\/khg.squareone.digital\/product\/prima\/"},"modified":"2025-07-21T14:49:55","modified_gmt":"2025-07-21T14:49:55","slug":"prima","status":"publish","type":"product","link":"https:\/\/kennedy-hygiene.com\/de\/produkt\/prima\/","title":{"rendered":"Prima"},"content":{"rendered":"<p>Prima  spendet Einzelblatt-Papierhandt\u00fccher zum H\u00e4ndetrocknen. Er ist ideal f\u00fcr wenig bis mittelstark frequentierte Bereiche, zuverl\u00e4ssig und haltbar und besitzt eine einzigartige Papierhandtuchf\u00fchrung zur Reduzierung von Papierverschwendung. Dank ihrer vielen intelligenten Merkmale, zu denen ein ununterbrochenes Einlegesystem geh\u00f6rt, um Papiermangel zu vermeiden, und eine Scharnierhabe f\u00fcr einen schnellen Service, ist die Einheit servicefreundlich.<\/p>\n","protected":false},"excerpt":{"rendered":"<p>Papierhandtuchspender Zickzackfaltung<\/p>\n","protected":false},"featured_media":0,"comment_status":"closed","ping_status":"closed","template":"","meta":{"_acf_changed":false},"product_brand":[],"product_cat":[225,231],"product_tag":[],"class_list":{"0":"post-12007","1":"product","2":"type-product","3":"status-publish","5":"product_cat-haendetrocknen","6":"product_cat-papierhandtuchspender","7":"pa_finish-chrome-de","8":"pa_finish-obsidian-de","9":"pa_finish-satin-de","10":"pa_finish-silver-de","11":"pa_finish-white-de","13":"first","14":"instock","15":"product-type-variable","16":"has-default-attributes"},"acf":[],"_links":{"self":[{"href":"https:\/\/kennedy-hygiene.com\/de\/wp-json\/wp\/v2\/product\/12007","targetHints":{"allow":["GET"]}}],"collection":[{"href":"https:\/\/kennedy-hygiene.com\/de\/wp-json\/wp\/v2\/product"}],"about":[{"href":"https:\/\/kennedy-hygiene.com\/de\/wp-json\/wp\/v2\/types\/product"}],"replies":[{"embeddable":true,"href":"https:\/\/kennedy-hygiene.com\/de\/wp-json\/wp\/v2\/comments?post=12007"}],"wp:attachment":[{"href":"https:\/\/kennedy-hygiene.com\/de\/wp-json\/wp\/v2\/media?parent=12007"}],"wp:term":[{"taxonomy":"product_brand","embeddable":true,"href":"https:\/\/kennedy-hygiene.com\/de\/wp-json\/wp\/v2\/product_brand?post=12007"},{"taxonomy":"product_cat","embeddable":true,"href":"https:\/\/kennedy-hygiene.com\/de\/wp-json\/wp\/v2\/product_cat?post=12007"},{"taxonomy":"product_tag","embeddable":true,"href":"https:\/\/kennedy-hygiene.com\/de\/wp-json\/wp\/v2\/product_tag?post=12007"}],"curies":[{"name":"wp","href":"https:\/\/api.w.org\/{rel}","templated":true}]}}