{"id":11991,"date":"2025-07-21T14:39:21","date_gmt":"2025-07-21T14:39:21","guid":{"rendered":"https:\/\/khg.squareone.digital\/product\/tekna\/"},"modified":"2025-07-21T14:49:44","modified_gmt":"2025-07-21T14:49:44","slug":"tekna","status":"publish","type":"product","link":"https:\/\/kennedy-hygiene.com\/de\/produkt\/tekna\/","title":{"rendered":"Tekna"},"content":{"rendered":"<p>Tekna  ist die modernste lieferbare Baumwoll-Rollenhandtuchspenderl\u00f6sung zum H\u00e4ndetrocknen. Tekna bietet unvergleichliche Hygiene, ist service- und umweltfreundlich und gew\u00e4hrleistet dabei dem Endverbraucher beim H\u00e4ndetrocknen einen Komfort, wie er ihn von zu Hause gew\u00f6hnt ist.<\/p>\n<ul>Tekna zieht jede gebrauchte Handtuch-Portion bis zum Rollenende automatisch ein und liefert 200 saubere Handtuchportionen von einer 40 m Standard-Rolle. Damit tr\u00e4gt dieses System zum Umweltschutz bei, da es einen technisch umweltfreundlichen Handtuchspender mit Baumwollhandt\u00fcchern, einem nat\u00fcrlich abbaubaren Verbrauchsmaterial, kombiniert.<\/ul>\n","protected":false},"excerpt":{"rendered":"<p>Baumwoll-Rollenhandtuchspender mit Automatikeinzug<\/p>\n","protected":false},"featured_media":0,"comment_status":"closed","ping_status":"closed","template":"","meta":{"_acf_changed":false},"product_brand":[],"product_cat":[225,251],"product_tag":[],"class_list":{"0":"post-11991","1":"product","2":"type-product","3":"status-publish","5":"product_cat-haendetrocknen","6":"product_cat-baumwollrollen-handtuchspender-de","7":"pa_finish-chrome-de","8":"pa_finish-silver-de","9":"pa_finish-white-de","11":"first","12":"instock","13":"product-type-variable","14":"has-default-attributes"},"acf":[],"_links":{"self":[{"href":"https:\/\/kennedy-hygiene.com\/de\/wp-json\/wp\/v2\/product\/11991","targetHints":{"allow":["GET"]}}],"collection":[{"href":"https:\/\/kennedy-hygiene.com\/de\/wp-json\/wp\/v2\/product"}],"about":[{"href":"https:\/\/kennedy-hygiene.com\/de\/wp-json\/wp\/v2\/types\/product"}],"replies":[{"embeddable":true,"href":"https:\/\/kennedy-hygiene.com\/de\/wp-json\/wp\/v2\/comments?post=11991"}],"wp:attachment":[{"href":"https:\/\/kennedy-hygiene.com\/de\/wp-json\/wp\/v2\/media?parent=11991"}],"wp:term":[{"taxonomy":"product_brand","embeddable":true,"href":"https:\/\/kennedy-hygiene.com\/de\/wp-json\/wp\/v2\/product_brand?post=11991"},{"taxonomy":"product_cat","embeddable":true,"href":"https:\/\/kennedy-hygiene.com\/de\/wp-json\/wp\/v2\/product_cat?post=11991"},{"taxonomy":"product_tag","embeddable":true,"href":"https:\/\/kennedy-hygiene.com\/de\/wp-json\/wp\/v2\/product_tag?post=11991"}],"curies":[{"name":"wp","href":"https:\/\/api.w.org\/{rel}","templated":true}]}}