{"id":11983,"date":"2025-07-21T14:39:04","date_gmt":"2025-07-21T14:39:04","guid":{"rendered":"https:\/\/khg.squareone.digital\/product\/integra\/"},"modified":"2025-07-21T14:49:34","modified_gmt":"2025-07-21T14:49:34","slug":"integra","status":"publish","type":"product","link":"https:\/\/kennedy-hygiene.com\/de\/produkt\/integra\/","title":{"rendered":"Integra"},"content":{"rendered":"<p>Integra  ist Kennedys Bestseller unter den Baumwoll-Rollenhandtuchspendern. Dieses \u00e4u\u00dferst robuste und zuverl\u00e4ssige System zum H\u00e4ndetrocknen ist auch f\u00fcr stark frequentierte Waschr\u00e4ume ideal.<\/p>\n<p>Integra bietet Hygiene, ist service- und umweltfreundlich und gew\u00e4hrleistet dabei dem Anwender beim H\u00e4ndetrocknen einen Komfort, wie er ihn von zu Hause gew\u00f6hnt ist. Das mit dem Integra verwendete Verbrauchsmaterial, das Baumwollhandtuch, ist ein nat\u00fcrliches, biologisch abbaubares Produkt, mit dem dieses System zu einer umweltfreundlichen Option wird.<\/p>\n<p>Dieser Spender liefert 200 saubere Handtuchportionen von einer 40 m Standard-Handtuchrolle. Er ist in allen Endausf\u00fchrungsvarianten von Kennedy lieferbar und kann dar\u00fcber hinaus mit einer vandalismusgesch\u00fctzten Edelstahlhaube hergestellt werden.<\/p>\n","protected":false},"excerpt":{"rendered":"<p>Der Bestseller unter den Baumwoll-Rollenhandtuchspendern<\/p>\n","protected":false},"featured_media":0,"comment_status":"closed","ping_status":"closed","template":"","meta":{"_acf_changed":false},"product_brand":[],"product_cat":[225,251],"product_tag":[],"class_list":{"0":"post-11983","1":"product","2":"type-product","3":"status-publish","5":"product_cat-haendetrocknen","6":"product_cat-baumwollrollen-handtuchspender-de","7":"pa_finish-chrome-de","8":"pa_finish-obsidian-de","9":"pa_finish-satin-de","10":"pa_finish-silver-de","11":"pa_finish-white-de","13":"first","14":"instock","15":"product-type-variable","16":"has-default-attributes"},"acf":[],"_links":{"self":[{"href":"https:\/\/kennedy-hygiene.com\/de\/wp-json\/wp\/v2\/product\/11983","targetHints":{"allow":["GET"]}}],"collection":[{"href":"https:\/\/kennedy-hygiene.com\/de\/wp-json\/wp\/v2\/product"}],"about":[{"href":"https:\/\/kennedy-hygiene.com\/de\/wp-json\/wp\/v2\/types\/product"}],"replies":[{"embeddable":true,"href":"https:\/\/kennedy-hygiene.com\/de\/wp-json\/wp\/v2\/comments?post=11983"}],"wp:attachment":[{"href":"https:\/\/kennedy-hygiene.com\/de\/wp-json\/wp\/v2\/media?parent=11983"}],"wp:term":[{"taxonomy":"product_brand","embeddable":true,"href":"https:\/\/kennedy-hygiene.com\/de\/wp-json\/wp\/v2\/product_brand?post=11983"},{"taxonomy":"product_cat","embeddable":true,"href":"https:\/\/kennedy-hygiene.com\/de\/wp-json\/wp\/v2\/product_cat?post=11983"},{"taxonomy":"product_tag","embeddable":true,"href":"https:\/\/kennedy-hygiene.com\/de\/wp-json\/wp\/v2\/product_tag?post=11983"}],"curies":[{"name":"wp","href":"https:\/\/api.w.org\/{rel}","templated":true}]}}