{"id":13411,"date":"2025-01-21T13:39:42","date_gmt":"2025-01-21T13:39:42","guid":{"rendered":"https:\/\/khg.squareone.digital\/privacy-policy\/"},"modified":"2026-01-16T14:56:24","modified_gmt":"2026-01-16T14:56:24","slug":"privacy-policy","status":"publish","type":"page","link":"https:\/\/kennedy-hygiene.com\/de\/privacy-policy\/","title":{"rendered":"Datenschutzerkl\u00e4rung"},"content":{"rendered":"\n<p>kennedy-hygiene.com dient dazu, Kunden und potenzielle Mitarbeitende \u00fcber unsere professionellen Dienstleistungen und L\u00f6sungen zu informieren.<\/p>\n\n\n\n<p>Kennedy Hygiene Products erhebt Informationen von Nutzern dieser Website automatisch sowie dann, wenn Sie uns aktiv Informationen zur Verf\u00fcgung stellen, z.\u202fB. wenn Sie ein Formular auf kennedy-hygiene.com ausf\u00fcllen.<\/p>\n\n\n\n<p>Kennedy Hygiene Products verpflichtet sich zur Einhaltung der gesetzlichen und regulatorischen Bestimmungen, insbesondere der Verordnung (EU) Nr. 2016\/679 vom 27. April 2016 (DSGVO).<\/p>\n\n\n\n<p>Kennedy Hygiene Products trifft alle notwendigen Vorsichtsma\u00dfnahmen, um die Sicherheit und Vertraulichkeit der Daten zu gew\u00e4hrleisten, insbesondere um zu verhindern, dass diese ver\u00e4ndert, besch\u00e4digt oder von unbefugten Dritten eingesehen werden.<\/p>\n\n\n\n<p><strong>Welche personenbezogenen Daten erheben wir, wie nutzen wir sie und wie lange speichern wir sie?<\/strong><\/p>\n\n\n\n<p><strong>1. Anfragen nach Informationen und Preisangeboten:<\/strong><\/p>\n\n\n\n<p>Die \u00fcber dieses Formular erhobenen personenbezogenen Daten werden elektronisch verarbeitet, um Ihre Anfragen zu unseren Dienstleistungen zu beantworten. Sie k\u00f6nnen f\u00fcr Vertriebszwecke gem\u00e4\u00df Ihren Bed\u00fcrfnissen sowie zur Vertragserf\u00fcllung verwendet werden.<\/p>\n\n\n\n<p>Wenn Sie unsere Formulare ausf\u00fcllen, erfolgt die Datenverarbeitung zur Beantwortung Ihrer Anfrage auf Grundlage Ihrer Einwilligung.<\/p>\n\n\n\n<p>Kennedy Hygiene Products ist Empf\u00e4nger der erhobenen Daten.<\/p>\n\n\n\n<p>Die Informationen werden an Unternehmen innerhalb von Kennedy Hygiene Products, die sich in der Europ\u00e4ischen Union befinden, \u00fcbermittelt und von diesen zur Bearbeitung Ihrer Anfragen oder zur Vertragserf\u00fcllung genutzt. Sie k\u00f6nnen an Dienstleister (z.\u202fB. Webagenturen) oder technische Anbieter (Hosting usw.) in der EU oder in L\u00e4ndern mit angemessenem Datenschutzniveau weitergegeben werden.<\/p>\n\n\n\n<p>Durch die Eingabe der Daten auf dieser Website erkl\u00e4ren Sie sich ausdr\u00fccklich damit einverstanden, dass diese Daten an jedes Unternehmen von Kennedy Hygiene Products oder an dessen Dienstleister ausschlie\u00dflich zum Zweck der Bearbeitung Ihrer Anfrage und Vertragserf\u00fcllung weitergegeben werden.<\/p>\n\n\n\n<p>Kennedy Hygiene Products verpflichtet seine Dienstleister zur ausschlie\u00dflichen Nutzung der Daten f\u00fcr die von Kennedy Hygiene Products beauftragten Leistungen sowie zur Einhaltung der geltenden Datenschutzgesetze und zur besonderen Wahrung der Vertraulichkeit.<\/p>\n\n\n\n<p><strong>Speicherfrist<\/strong><\/p>\n\n\n\n<p>Wir speichern personenbezogene Daten nur so lange, wie es f\u00fcr den jeweiligen Zweck erforderlich ist.<\/p>\n\n\n\n<p>F\u00fcr Vertragszwecke erhobene personenbezogene Daten werden <strong>vier Jahre<\/strong> ab Erhebung oder ab dem letzten Kontakt mit dem potenziellen Kunden gespeichert.<\/p>\n\n\n\n<p><strong>Ihre Rechte<\/strong><\/p>\n\n\n\n<p>Gem\u00e4\u00df geltender Vorschriften haben Sie das Recht auf <strong>Auskunft, Widerspruch, Berichtigung und L\u00f6schung<\/strong> Ihrer Daten. Sie k\u00f6nnen Ihre Einwilligung jederzeit widerrufen.<\/p>\n\n\n\n<p>Ab dem 25. Mai 2018 k\u00f6nnen betroffene Personen au\u00dferdem Rechte auf Einschr\u00e4nkung der Verarbeitung, Daten\u00fcbertragbarkeit und L\u00f6schung gem\u00e4\u00df der Verordnung (EU) 2016\/679 aus\u00fcben.<\/p>\n\n\n\n<p><strong>Kontakt<\/strong><\/p>\n\n\n\n<p>Bei Fragen zur Verarbeitung Ihrer personenbezogenen Daten oder zur Aus\u00fcbung Ihrer Rechte kontaktieren Sie uns bitte per E\u2011Mail an<br><strong><a href=\"mailto:marketing@kennedy-hygiene.com\">marketing@kennedy-hygiene.com<\/a><\/strong><br>oder per Post an:<br>Kennedy Hygiene Products Ltd, Kennedy House, Brookside, Uckfield TN22 1YA.<\/p>\n\n\n\n<p>Ihre Anfrage muss unterschrieben sein, eine Kopie eines amtlichen Ausweises enthalten und die Adresse angeben, an die wir unsere Antwort senden sollen. Sie erhalten innerhalb eines Monats eine Antwort.<\/p>\n\n\n\n<p>Bei unzufriedener R\u00fcckmeldung kann eine Beschwerde beim <strong>ICO<\/strong> (UK Data Protection Authority) eingereicht werden.<\/p>\n\n\n\n<p><strong>Cookie-Richtlinie<\/strong><\/p>\n\n\n\n<p><strong>1. Zweck unserer Cookies<\/strong><\/p>\n\n\n\n<p>Die auf dieser Website verwendeten Cookies dienen dazu, die Nutzung einfacher und sicherer zu machen. Zudem analysieren wir die Nutzung der Website, verbessern unsere Dienstleistungen und erh\u00f6hen die Sicherheit.<\/p>\n\n\n\n<p><strong>2. Welche Cookies verwenden wir?<\/strong><\/p>\n\n\n\n<p>Wir verwenden ausschlie\u00dflich Drittanbieter-Cookies, die von Kennedy Hygiene Products ausgew\u00e4hlt wurden.<\/p>\n\n\n\n<p>Kennedy Hygiene Products nutzt Dienste der US\u2011amerikanischen Firma <strong>Google Inc.<\/strong><\/p>\n\n\n\n<p>Die durch die Cookies erhobenen Daten werden an Google \u00fcbermittelt und dort gespeichert.<\/p>\n\n\n\n<p>Google Analytics misst Besucherzahlen und Nutzungsmuster. Die Cookies werden auf Ihrem Ger\u00e4t gespeichert und bei jedem Zugriff auf eine Website mit Google Analytics gelesen.<\/p>\n\n\n\n<p>Die gesammelten Daten betreffen:<\/p>\n\n\n\n<ul class=\"wp-block-list\">\n<li>Ihre Nutzung der Website<\/li>\n\n\n\n<li>Ihre IP\u2011Adresse (ausschlie\u00dflich zur Standortbestimmung)<\/li>\n<\/ul>\n\n\n\n<p>Die Standortdaten werden sofort anonymisiert und nicht an Kennedy weitergegeben.<\/p>\n\n\n\n<p>Mehr Informationen: <a href=\"http:\/\/www.google.com\/analytics\/learn\/privacy.html\">http:\/\/www.google.com\/analytics\/learn\/privacy.html<\/a><\/p>\n\n\n\n<p><strong>3. Einwilligung<\/strong><\/p>\n\n\n\n<p>Durch Nutzung dieser Website werden Cookies zu Analysezwecken installiert.<\/p>\n\n\n\n<p>Sie k\u00f6nnen Cookies in Ihrem Browser verwalten oder deaktivieren.<\/p>\n\n\n\n<p><strong>4. Lebensdauer der Cookies<\/strong><\/p>\n\n\n\n<p>Die Lebensdauer betr\u00e4gt <strong>13 Monate<\/strong> ab Installation.<\/p>\n\n\n\n<p><strong>5. Verwaltung von Cookies<\/strong><\/p>\n\n\n\n<p>Browser k\u00f6nnen Cookies erlauben, blockieren oder fallweise genehmigen. Eine Blockierung kann jedoch dazu f\u00fchren, dass bestimmte Funktionen oder Bereiche der Website nicht verf\u00fcgbar sind.<\/p>\n","protected":false},"excerpt":{"rendered":"<p>kennedy-hygiene.com dient dazu, Kunden und potenzielle Mitarbeitende \u00fcber unsere professionellen Dienstleistungen und L\u00f6sungen zu informieren. Kennedy Hygiene Products erhebt Informationen von Nutzern dieser Website automatisch sowie dann, wenn Sie uns aktiv Informationen zur Verf\u00fcgung stellen, z.\u202fB. wenn Sie ein Formular auf kennedy-hygiene.com ausf\u00fcllen. Kennedy Hygiene Products verpflichtet sich zur Einhaltung der gesetzlichen und regulatorischen Bestimmungen,<a class=\"excerpt-read-more\" href=\"https:\/\/kennedy-hygiene.com\/de\/privacy-policy\/\" title=\"ReadDatenschutzerkl\u00e4rung\">&#8230; Read more &raquo;<\/a><\/p>\n","protected":false},"author":3,"featured_media":0,"parent":0,"menu_order":0,"comment_status":"closed","ping_status":"closed","template":"","meta":{"_acf_changed":false,"footnotes":""},"class_list":["post-13411","page","type-page","status-publish","hentry"],"acf":[],"_links":{"self":[{"href":"https:\/\/kennedy-hygiene.com\/de\/wp-json\/wp\/v2\/pages\/13411","targetHints":{"allow":["GET"]}}],"collection":[{"href":"https:\/\/kennedy-hygiene.com\/de\/wp-json\/wp\/v2\/pages"}],"about":[{"href":"https:\/\/kennedy-hygiene.com\/de\/wp-json\/wp\/v2\/types\/page"}],"author":[{"embeddable":true,"href":"https:\/\/kennedy-hygiene.com\/de\/wp-json\/wp\/v2\/users\/3"}],"replies":[{"embeddable":true,"href":"https:\/\/kennedy-hygiene.com\/de\/wp-json\/wp\/v2\/comments?post=13411"}],"version-history":[{"count":1,"href":"https:\/\/kennedy-hygiene.com\/de\/wp-json\/wp\/v2\/pages\/13411\/revisions"}],"predecessor-version":[{"id":14437,"href":"https:\/\/kennedy-hygiene.com\/de\/wp-json\/wp\/v2\/pages\/13411\/revisions\/14437"}],"wp:attachment":[{"href":"https:\/\/kennedy-hygiene.com\/de\/wp-json\/wp\/v2\/media?parent=13411"}],"curies":[{"name":"wp","href":"https:\/\/api.w.org\/{rel}","templated":true}]}}