{"id":1171,"date":"2025-05-28T16:58:30","date_gmt":"2025-05-28T16:58:30","guid":{"rendered":"https:\/\/khg.squareone.digital\/?page_id=1171"},"modified":"2025-05-28T16:59:09","modified_gmt":"2025-05-28T16:59:09","slug":"geschaeftsbedingungen","status":"publish","type":"page","link":"https:\/\/kennedy-hygiene.com\/de\/geschaeftsbedingungen\/","title":{"rendered":"Gesch\u00e4ftsbedingungen"},"content":{"rendered":"\n<h2 class=\"wp-block-heading\">Mit dem Zugriff auf diese Website erkl\u00e4ren Sie sich mit den folgenden Nutzungsbedingungen und anderen geltenden Gesetzen einverstanden. Wenn Sie nicht damit einverstanden sind, an diese Bedingungen gebunden zu sein, nutzen Sie bitte diese Website nicht.<\/h2>\n\n\n\n<p>Alle auf dieser Website bereitgestellten Informationen und Materialien dienen lediglich der Veranschaulichung. Es ist nicht beabsichtigt und schafft kein gesch\u00e4ftliches, vertragliches oder Besch\u00e4ftigungsverh\u00e4ltnis mit Kennedy Hygiene Products.<\/p>\n\n\n\n<p>S\u00e4mtliche Informationen, Inhalte, Texte, Bilder, einschlie\u00dflich Fotografien und Schaltfl\u00e4chen, sind Eigentum von Kennedy Hygiene Products Ltd und d\u00fcrfen ohne unsere ausdr\u00fcckliche, vorherige schriftliche Zustimmung weder kopiert, vervielf\u00e4ltigt, wieder ver\u00f6ffentlicht, ver\u00f6ffentlicht, \u00fcbertragen oder verbreitet werden .<\/p>\n\n\n\n<p>Alle auf dieser Website verwendeten oder erw\u00e4hnten Warenzeichen sind das Eigentum ihrer jeweiligen Inhaber.<\/p>\n\n\n\n<p>Die Informationen auf dieser Website werden kostenlos und zu Informationszwecken zur Verf\u00fcgung gestellt. Es ist nicht die Schaffung eines Gesch\u00e4fts-, Besch\u00e4ftigungs-oder professionelle Dienstleistungen Beziehung zwischen Ihnen und Kennedy Hygiene-Produkte. Links auf dieser Website k\u00f6nnen zu Dienstleistungen oder Websites f\u00fchren, die nicht von Kennedy Hygiene Products Ltd oder Kennedy Hygiene Products betrieben werden. F\u00fcr solche anderen Dienste oder Websites wird keine Entscheidung oder Gew\u00e4hrleistung \u00fcbernommen und Kennedy Hygiene Products Ltd \u00fcbernimmt keine Verantwortung f\u00fcr solche anderen Websites oder Dienste. Eine Verkn\u00fcpfung zu einer anderen Website oder Dienstleistung ist keine Best\u00e4tigung f\u00fcr diese Website oder Dienstleistung. Jede Nutzung der Informationen auf dieser Website oder einer Website oder einer Dienstleistung, die mit dieser Website verkn\u00fcpft ist, erfolgt auf eigene Gefahr.<\/p>\n\n\n\n<p>Diese Website wird als &#8222;as is&#8220; zur Verf\u00fcgung gestellt und Kennedy Hygiene Products lehnt ausdr\u00fccklich alle Garantien jeglicher Art ausdr\u00fccklich oder stillschweigend einschlie\u00dflich der Garantien der Marktg\u00e4ngigkeit und der Eignung f\u00fcr einen bestimmten Zweck ab.<\/p>\n\n\n\n<p>In keinem Fall haften Kennedy Hygiene Products oder irgendwelche ihrer Mitarbeiter oder Unternehmer f\u00fcr irgendwelche Sch\u00e4den, die im Zusammenhang mit den Informationen oder Materialien auf dieser Website, einschlie\u00dflich aber nicht beschr\u00e4nkt auf tats\u00e4chliche, Folgesch\u00e4den, direkte, beispielhafte, zuf\u00e4llige, indirekte, Strafe Oder Sondersch\u00e4den.<\/p>\n\n\n\n<p>&#8222;Kennedy&#8220;, &#8222;Kennedy Hygiene&#8220;,&nbsp;&#8222;Kennedy Hygiene Products&#8220;&nbsp;und das Kennedy-Logo sind Marken von Kennedy Hygiene Products Ltd.<\/p>\n","protected":false},"excerpt":{"rendered":"<p>Mit dem Zugriff auf diese Website erkl\u00e4ren Sie sich mit den folgenden Nutzungsbedingungen und anderen geltenden Gesetzen einverstanden. Wenn Sie nicht damit einverstanden sind, an diese Bedingungen gebunden zu sein, nutzen Sie bitte diese Website nicht. Alle auf dieser Website bereitgestellten Informationen und Materialien dienen lediglich der Veranschaulichung. Es ist nicht beabsichtigt und schafft kein<a class=\"excerpt-read-more\" href=\"https:\/\/kennedy-hygiene.com\/de\/geschaeftsbedingungen\/\" title=\"ReadGesch\u00e4ftsbedingungen\">&#8230; Read more &raquo;<\/a><\/p>\n","protected":false},"author":3,"featured_media":0,"parent":0,"menu_order":0,"comment_status":"closed","ping_status":"closed","template":"","meta":{"_acf_changed":false,"footnotes":""},"class_list":["post-1171","page","type-page","status-publish","hentry"],"acf":[],"_links":{"self":[{"href":"https:\/\/kennedy-hygiene.com\/de\/wp-json\/wp\/v2\/pages\/1171","targetHints":{"allow":["GET"]}}],"collection":[{"href":"https:\/\/kennedy-hygiene.com\/de\/wp-json\/wp\/v2\/pages"}],"about":[{"href":"https:\/\/kennedy-hygiene.com\/de\/wp-json\/wp\/v2\/types\/page"}],"author":[{"embeddable":true,"href":"https:\/\/kennedy-hygiene.com\/de\/wp-json\/wp\/v2\/users\/3"}],"replies":[{"embeddable":true,"href":"https:\/\/kennedy-hygiene.com\/de\/wp-json\/wp\/v2\/comments?post=1171"}],"version-history":[{"count":1,"href":"https:\/\/kennedy-hygiene.com\/de\/wp-json\/wp\/v2\/pages\/1171\/revisions"}],"predecessor-version":[{"id":1173,"href":"https:\/\/kennedy-hygiene.com\/de\/wp-json\/wp\/v2\/pages\/1171\/revisions\/1173"}],"wp:attachment":[{"href":"https:\/\/kennedy-hygiene.com\/de\/wp-json\/wp\/v2\/media?parent=1171"}],"curies":[{"name":"wp","href":"https:\/\/api.w.org\/{rel}","templated":true}]}}